{"id":146,"date":"2021-09-04T16:37:32","date_gmt":"2021-09-04T14:37:32","guid":{"rendered":"https:\/\/www.tvclubwellness.com\/?page_id=146"},"modified":"2025-08-12T15:24:05","modified_gmt":"2025-08-12T13:24:05","slug":"planning-2021-2022","status":"publish","type":"page","link":"https:\/\/www.tvclubwellness.com\/?page_id=146","title":{"rendered":"Planning 2025\/2026"},"content":{"rendered":"<div dir=\"auto\"><\/div>\n<div dir=\"auto\">\n<div dir=\"auto\"><strong>CIRCUITO PERSONALIZZATO<\/strong><\/div>\n<div dir=\"auto\">\n<div dir=\"auto\"><span class=\"pq6dq46d tbxw36s4 knj5qynh kvgmc6g5 ditlmg2l oygrvhab nvdbi5me sf5mxxl7 gl3lb2sf hhz5lgdu\"><img loading=\"lazy\" decoding=\"async\" src=\"https:\/\/static.xx.fbcdn.net\/images\/emoji.php\/v9\/t33\/1\/16\/2705.png\" alt=\"\u2705\" width=\"16\" height=\"16\" \/><\/span> 8<strong>\u00a0persone<\/strong> al massimo per gruppo per poter permettere al Trainer di seguire con attenzione ogni esercizio eseguito;<\/div>\n<div dir=\"auto\"><span class=\"pq6dq46d tbxw36s4 knj5qynh kvgmc6g5 ditlmg2l oygrvhab nvdbi5me sf5mxxl7 gl3lb2sf hhz5lgdu\"><img loading=\"lazy\" decoding=\"async\" src=\"https:\/\/static.xx.fbcdn.net\/images\/emoji.php\/v9\/t33\/1\/16\/2705.png\" alt=\"\u2705\" width=\"16\" height=\"16\" \/><\/span> ogni lezione \u00e8 seguita da un Trainer laureato \u00e8 specializzato nella ginnastica posturale;<\/div>\n<div dir=\"auto\"><span class=\"pq6dq46d tbxw36s4 knj5qynh kvgmc6g5 ditlmg2l oygrvhab nvdbi5me sf5mxxl7 gl3lb2sf hhz5lgdu\"><img loading=\"lazy\" decoding=\"async\" src=\"https:\/\/static.xx.fbcdn.net\/images\/emoji.php\/v9\/t33\/1\/16\/2705.png\" alt=\"\u2705\" width=\"16\" height=\"16\" \/><\/span> possibilit\u00e0 di lezione private singole e di valutazione posturale;<\/div>\n<div dir=\"auto\">\n<div dir=\"auto\"><span class=\"pq6dq46d tbxw36s4 knj5qynh kvgmc6g5 ditlmg2l oygrvhab nvdbi5me sf5mxxl7 gl3lb2sf hhz5lgdu\">Il circuito personalizzato \u00e8 adatto a qualsiasi obiettivo infatti il percorso sar\u00e0 individualizzato secondo l&#8217;esigenza dell&#8217;utente:<\/span><\/div>\n<div dir=\"auto\"><span class=\"pq6dq46d tbxw36s4 knj5qynh kvgmc6g5 ditlmg2l oygrvhab nvdbi5me sf5mxxl7 gl3lb2sf hhz5lgdu\"><img loading=\"lazy\" decoding=\"async\" src=\"https:\/\/static.xx.fbcdn.net\/images\/emoji.php\/v9\/t33\/1\/16\/2705.png\" alt=\"\u2705\" width=\"16\" height=\"16\" \/><\/span> rinforzo muscolare post infortuno e riatletizzazione;<\/div>\n<div dir=\"auto\"><span class=\"pq6dq46d tbxw36s4 knj5qynh kvgmc6g5 ditlmg2l oygrvhab nvdbi5me sf5mxxl7 gl3lb2sf hhz5lgdu\"><img loading=\"lazy\" decoding=\"async\" src=\"https:\/\/static.xx.fbcdn.net\/images\/emoji.php\/v9\/t33\/1\/16\/2705.png\" alt=\"\u2705\" width=\"16\" height=\"16\" \/><\/span> remise en forme e tonificazione;<\/div>\n<div dir=\"auto\">\n<div dir=\"auto\"><span class=\"pq6dq46d tbxw36s4 knj5qynh kvgmc6g5 ditlmg2l oygrvhab nvdbi5me sf5mxxl7 gl3lb2sf hhz5lgdu\"><img loading=\"lazy\" decoding=\"async\" src=\"https:\/\/static.xx.fbcdn.net\/images\/emoji.php\/v9\/t33\/1\/16\/2705.png\" alt=\"\u2705\" width=\"16\" height=\"16\" \/><\/span> preparazione atletica;<\/div>\n<div dir=\"auto\"><span class=\"pq6dq46d tbxw36s4 knj5qynh kvgmc6g5 ditlmg2l oygrvhab nvdbi5me sf5mxxl7 gl3lb2sf hhz5lgdu\"><img loading=\"lazy\" decoding=\"async\" src=\"https:\/\/static.xx.fbcdn.net\/images\/emoji.php\/v9\/t33\/1\/16\/2705.png\" alt=\"\u2705\" width=\"16\" height=\"16\" \/><\/span> mantenimento e benessere.<\/div>\n<div dir=\"auto\"><\/div>\n<\/div>\n<\/div>\n<\/div>\n<\/div>\n<div class=\"kvgmc6g5 cxmmr5t8 oygrvhab hcukyx3x c1et5uql ii04i59q\">\n<div dir=\"auto\"><strong style=\"font-size: 1rem;\"><img loading=\"lazy\" decoding=\"async\" class=\"alignnone size-full wp-image-384\" src=\"https:\/\/www.tvclubwellness.com\/wp-content\/uploads\/2024\/08\/344D316B-7473-42EE-A45D-816ACB5FA14D.jpeg\" alt=\"\" width=\"1058\" height=\"1072\" srcset=\"https:\/\/www.tvclubwellness.com\/wp-content\/uploads\/2024\/08\/344D316B-7473-42EE-A45D-816ACB5FA14D.jpeg 1058w, https:\/\/www.tvclubwellness.com\/wp-content\/uploads\/2024\/08\/344D316B-7473-42EE-A45D-816ACB5FA14D-296x300.jpeg 296w, https:\/\/www.tvclubwellness.com\/wp-content\/uploads\/2024\/08\/344D316B-7473-42EE-A45D-816ACB5FA14D-1011x1024.jpeg 1011w, https:\/\/www.tvclubwellness.com\/wp-content\/uploads\/2024\/08\/344D316B-7473-42EE-A45D-816ACB5FA14D-768x778.jpeg 768w, https:\/\/www.tvclubwellness.com\/wp-content\/uploads\/2024\/08\/344D316B-7473-42EE-A45D-816ACB5FA14D-100x100.jpeg 100w\" sizes=\"(max-width: 767px) 89vw, (max-width: 1000px) 54vw, (max-width: 1071px) 543px, 580px\" \/>GINNASTICA REFORMER:<\/strong><\/div>\n<div dir=\"auto\">\n<div dir=\"auto\">\n<div class=\"o9v6fnle cxmmr5t8 oygrvhab hcukyx3x c1et5uql ii04i59q\">\n<div dir=\"auto\"><span class=\"pq6dq46d tbxw36s4 knj5qynh kvgmc6g5 ditlmg2l oygrvhab nvdbi5me sf5mxxl7 gl3lb2sf hhz5lgdu\"><img loading=\"lazy\" decoding=\"async\" src=\"https:\/\/static.xx.fbcdn.net\/images\/emoji.php\/v9\/t33\/1\/16\/2705.png\" alt=\"\u2705\" width=\"16\" height=\"16\" \/><\/span> <em><strong>3 persone<\/strong><\/em> per gruppo con un reformer dedicato a testa;<\/div>\n<div dir=\"auto\"><span class=\"pq6dq46d tbxw36s4 knj5qynh kvgmc6g5 ditlmg2l oygrvhab nvdbi5me sf5mxxl7 gl3lb2sf hhz5lgdu\"><img loading=\"lazy\" decoding=\"async\" src=\"https:\/\/static.xx.fbcdn.net\/images\/emoji.php\/v9\/t33\/1\/16\/2705.png\" alt=\"\u2705\" width=\"16\" height=\"16\" \/><\/span> ogni lezione \u00e8 seguita da un Trainer laureato \u00e8 specializzato nella ginnastica pilates e posturale;<\/div>\n<div dir=\"auto\"><span class=\"pq6dq46d tbxw36s4 knj5qynh kvgmc6g5 ditlmg2l oygrvhab nvdbi5me sf5mxxl7 gl3lb2sf hhz5lgdu\"><img loading=\"lazy\" decoding=\"async\" src=\"https:\/\/static.xx.fbcdn.net\/images\/emoji.php\/v9\/t33\/1\/16\/2705.png\" alt=\"\u2705\" width=\"16\" height=\"16\" \/><\/span> possibilit\u00e0 di lezione private singole.<\/div>\n<div dir=\"auto\"><\/div>\n<\/div>\n<\/div>\n<\/div>\n<\/div>\n<div dir=\"auto\"><\/div>\n<div dir=\"auto\"><\/div>\n<div dir=\"auto\"><img loading=\"lazy\" decoding=\"async\" class=\"alignnone size-full wp-image-381\" src=\"https:\/\/www.tvclubwellness.com\/wp-content\/uploads\/2024\/08\/1.png\" alt=\"\" width=\"1080\" height=\"1080\" srcset=\"https:\/\/www.tvclubwellness.com\/wp-content\/uploads\/2024\/08\/1.png 1080w, https:\/\/www.tvclubwellness.com\/wp-content\/uploads\/2024\/08\/1-300x300.png 300w, https:\/\/www.tvclubwellness.com\/wp-content\/uploads\/2024\/08\/1-1024x1024.png 1024w, https:\/\/www.tvclubwellness.com\/wp-content\/uploads\/2024\/08\/1-150x150.png 150w, https:\/\/www.tvclubwellness.com\/wp-content\/uploads\/2024\/08\/1-768x768.png 768w, https:\/\/www.tvclubwellness.com\/wp-content\/uploads\/2024\/08\/1-100x100.png 100w\" sizes=\"(max-width: 767px) 89vw, (max-width: 1000px) 54vw, (max-width: 1071px) 543px, 580px\" \/><\/div>\n<div dir=\"auto\">\n<div class=\"kvgmc6g5 cxmmr5t8 oygrvhab hcukyx3x c1et5uql ii04i59q\">\n<div dir=\"auto\"><strong>GINNASTICA POSTURALE\/ POSTURAL PILATES\/ GINNASTICA DOLCE:<\/strong><\/div>\n<\/div>\n<div class=\"o9v6fnle cxmmr5t8 oygrvhab hcukyx3x c1et5uql ii04i59q\">\n<div dir=\"auto\"><span class=\"pq6dq46d tbxw36s4 knj5qynh kvgmc6g5 ditlmg2l oygrvhab nvdbi5me sf5mxxl7 gl3lb2sf hhz5lgdu\"><img loading=\"lazy\" decoding=\"async\" src=\"https:\/\/static.xx.fbcdn.net\/images\/emoji.php\/v9\/t33\/1\/16\/2705.png\" alt=\"\u2705\" width=\"16\" height=\"16\" \/><\/span> 8<strong>\u00a0persone<\/strong> al massimo per gruppo per poter permettere al Trainer di seguire con attenzione ogni esercizio eseguito;<\/div>\n<div dir=\"auto\"><span class=\"pq6dq46d tbxw36s4 knj5qynh kvgmc6g5 ditlmg2l oygrvhab nvdbi5me sf5mxxl7 gl3lb2sf hhz5lgdu\"><img loading=\"lazy\" decoding=\"async\" src=\"https:\/\/static.xx.fbcdn.net\/images\/emoji.php\/v9\/t33\/1\/16\/2705.png\" alt=\"\u2705\" width=\"16\" height=\"16\" \/><\/span> ogni lezione \u00e8 seguita da un Trainer laureato \u00e8 specializzato nella ginnastica posturale e nel Pilates;<\/div>\n<div dir=\"auto\"><span class=\"pq6dq46d tbxw36s4 knj5qynh kvgmc6g5 ditlmg2l oygrvhab nvdbi5me sf5mxxl7 gl3lb2sf hhz5lgdu\"><img loading=\"lazy\" decoding=\"async\" src=\"https:\/\/static.xx.fbcdn.net\/images\/emoji.php\/v9\/t33\/1\/16\/2705.png\" alt=\"\u2705\" width=\"16\" height=\"16\" \/><\/span> possibilit\u00e0 di lezione private singole e di valutazione posturale.<\/div>\n<\/div>\n<div class=\"o9v6fnle cxmmr5t8 oygrvhab hcukyx3x c1et5uql ii04i59q\">\n<div dir=\"auto\">Tipologie di Ginnastica Posturale che puoi trovare a TV CLUB:<\/div>\n<div dir=\"auto\"><span class=\"pq6dq46d tbxw36s4 knj5qynh kvgmc6g5 ditlmg2l oygrvhab nvdbi5me sf5mxxl7 gl3lb2sf hhz5lgdu\"><img loading=\"lazy\" decoding=\"async\" src=\"https:\/\/static.xx.fbcdn.net\/images\/emoji.php\/v9\/t33\/1\/16\/2705.png\" alt=\"\u2705\" width=\"16\" height=\"16\" \/><\/span> Ginnastica posturale metodo Back School;<\/div>\n<div dir=\"auto\"><span class=\"pq6dq46d tbxw36s4 knj5qynh kvgmc6g5 ditlmg2l oygrvhab nvdbi5me sf5mxxl7 gl3lb2sf hhz5lgdu\"><img loading=\"lazy\" decoding=\"async\" src=\"https:\/\/static.xx.fbcdn.net\/images\/emoji.php\/v9\/t33\/1\/16\/2705.png\" alt=\"\u2705\" width=\"16\" height=\"16\" \/><\/span> Ginnastica posturale metodo Pancafit;<\/div>\n<div dir=\"auto\"><span class=\"pq6dq46d tbxw36s4 knj5qynh kvgmc6g5 ditlmg2l oygrvhab nvdbi5me sf5mxxl7 gl3lb2sf hhz5lgdu\"><img loading=\"lazy\" decoding=\"async\" src=\"https:\/\/static.xx.fbcdn.net\/images\/emoji.php\/v9\/t33\/1\/16\/2705.png\" alt=\"\u2705\" width=\"16\" height=\"16\" \/><\/span> Postural Pilates.<\/div>\n<div dir=\"auto\"><\/div>\n<\/div>\n<\/div>\n<div dir=\"auto\"><img loading=\"lazy\" decoding=\"async\" class=\"alignnone size-full wp-image-358\" src=\"https:\/\/www.tvclubwellness.com\/wp-content\/uploads\/2024\/08\/3.png\" alt=\"\" width=\"1080\" height=\"1080\" srcset=\"https:\/\/www.tvclubwellness.com\/wp-content\/uploads\/2024\/08\/3.png 1080w, https:\/\/www.tvclubwellness.com\/wp-content\/uploads\/2024\/08\/3-300x300.png 300w, https:\/\/www.tvclubwellness.com\/wp-content\/uploads\/2024\/08\/3-1024x1024.png 1024w, https:\/\/www.tvclubwellness.com\/wp-content\/uploads\/2024\/08\/3-150x150.png 150w, https:\/\/www.tvclubwellness.com\/wp-content\/uploads\/2024\/08\/3-768x768.png 768w, https:\/\/www.tvclubwellness.com\/wp-content\/uploads\/2024\/08\/3-100x100.png 100w\" sizes=\"(max-width: 767px) 89vw, (max-width: 1000px) 54vw, (max-width: 1071px) 543px, 580px\" \/><\/div>\n<div class=\"kvgmc6g5 cxmmr5t8 oygrvhab hcukyx3x c1et5uql ii04i59q\">\n<div dir=\"auto\"><\/div>\n<div dir=\"auto\"><\/div>\n<\/div>\n<div dir=\"auto\"><\/div>\n<div dir=\"auto\"><\/div>\n<div class=\"kvgmc6g5 cxmmr5t8 oygrvhab hcukyx3x c1et5uql ii04i59q\">\n<div dir=\"auto\"><strong>Per conoscere le disponibilit\u00e0 consigliamo sempre di contattarci per fissare un appuntamento:<\/strong><\/div>\n<div dir=\"auto\">\n<div dir=\"auto\"><span class=\"pq6dq46d tbxw36s4 knj5qynh kvgmc6g5 ditlmg2l oygrvhab nvdbi5me sf5mxxl7 gl3lb2sf hhz5lgdu\"><img loading=\"lazy\" decoding=\"async\" src=\"https:\/\/www.facebook.com\/images\/emoji.php\/v9\/t2d\/1\/16\/1f4cd.png\" alt=\"\ud83d\udccd\" width=\"16\" height=\"16\" \/><\/span> Via Paolo Veronese 14, Treviso con ampio parcheggio a disposizione.<\/div>\n<div dir=\"auto\">(300 metri dalle mura di Treviso direzione Fiera).<\/div>\n<div dir=\"auto\">Si riceve per appuntamento, per info:<\/div>\n<div dir=\"auto\"><span class=\"pq6dq46d tbxw36s4 knj5qynh kvgmc6g5 ditlmg2l oygrvhab nvdbi5me sf5mxxl7 gl3lb2sf hhz5lgdu\"><img loading=\"lazy\" decoding=\"async\" src=\"https:\/\/www.facebook.com\/images\/emoji.php\/v9\/t4d\/1\/16\/1f4de.png\" alt=\"\ud83d\udcde\" width=\"16\" height=\"16\" \/><\/span> +39 351 9580206<\/div>\n<div dir=\"auto\"><span class=\"pq6dq46d tbxw36s4 knj5qynh kvgmc6g5 ditlmg2l oygrvhab nvdbi5me sf5mxxl7 gl3lb2sf hhz5lgdu\"><img loading=\"lazy\" decoding=\"async\" src=\"https:\/\/www.facebook.com\/images\/emoji.php\/v9\/tac\/1\/16\/1f4cc.png\" alt=\"\ud83d\udccc\" width=\"16\" height=\"16\" \/><\/span> <a class=\"oajrlxb2 g5ia77u1 qu0x051f esr5mh6w e9989ue4 r7d6kgcz rq0escxv nhd2j8a9 nc684nl6 p7hjln8o kvgmc6g5 cxmmr5t8 oygrvhab hcukyx3x jb3vyjys rz4wbd8a qt6c0cv9 a8nywdso i1ao9s8h esuyzwwr f1sip0of lzcic4wl py34i1dx gpro0wi8\" tabindex=\"0\" role=\"link\" href=\"http:\/\/www.tvclubwellness.com\/?fbclid=IwAR3zOlWF3XiUHVDXlctptazQyEZi8Y9hUC9wlf8gSVKscaa2092pul0IkO4\" target=\"_blank\" rel=\"nofollow noopener noreferrer\">www.tvclubwellness.com<\/a><\/div>\n<div dir=\"auto\"><span class=\"pq6dq46d tbxw36s4 knj5qynh kvgmc6g5 ditlmg2l oygrvhab nvdbi5me sf5mxxl7 gl3lb2sf hhz5lgdu\"><img loading=\"lazy\" decoding=\"async\" src=\"https:\/\/www.facebook.com\/images\/emoji.php\/v9\/tc0\/1\/16\/1f4e9.png\" alt=\"\ud83d\udce9\" width=\"16\" height=\"16\" \/><\/span> tvclubwellness@gmail.com<\/div>\n<\/div>\n<\/div>\n<div dir=\"auto\">Si riceve su appuntamento.<\/div>\n<div dir=\"auto\"><\/div>\n<div dir=\"auto\">\n<div class=\"o9v6fnle cxmmr5t8 oygrvhab hcukyx3x c1et5uql ii04i59q\">\n<div dir=\"auto\"><\/div>\n<\/div>\n<\/div>\n<div dir=\"auto\"><\/div>\n<div class=\"kvgmc6g5 cxmmr5t8 oygrvhab hcukyx3x c1et5uql ii04i59q\"><\/div>\n<div class=\"o9v6fnle cxmmr5t8 oygrvhab hcukyx3x c1et5uql ii04i59q\">\n<div dir=\"auto\"><\/div>\n<\/div>\n<div class=\"o9v6fnle cxmmr5t8 oygrvhab hcukyx3x c1et5uql ii04i59q\"><\/div>\n<div class=\"o9v6fnle cxmmr5t8 oygrvhab hcukyx3x c1et5uql ii04i59q\"><\/div>\n<div dir=\"auto\"><\/div>\n<div dir=\"auto\"><\/div>\n<div dir=\"auto\"><\/div>\n<div dir=\"auto\"><\/div>\n<div dir=\"auto\"><\/div>\n<div dir=\"auto\">\n<div class=\"o9v6fnle cxmmr5t8 oygrvhab hcukyx3x c1et5uql ii04i59q\">\n<div dir=\"auto\">\n<div dir=\"auto\">\n<div dir=\"auto\">\n<div dir=\"auto\"><\/div>\n<div dir=\"auto\"><\/div>\n<div dir=\"auto\"><\/div>\n<div dir=\"auto\"><\/div>\n<\/div>\n<\/div>\n<\/div>\n<\/div>\n<\/div>\n","protected":false},"excerpt":{"rendered":"<p>CIRCUITO PERSONALIZZATO 8\u00a0persone al massimo per gruppo per poter permettere al Trainer di seguire con attenzione ogni esercizio eseguito; ogni lezione \u00e8 seguita da un Trainer laureato \u00e8 specializzato nella ginnastica posturale; possibilit\u00e0 di lezione private singole e di valutazione posturale; Il circuito personalizzato \u00e8 adatto a qualsiasi obiettivo infatti il percorso sar\u00e0 individualizzato secondo &hellip; <\/p>\n<p class=\"link-more\"><a href=\"https:\/\/www.tvclubwellness.com\/?page_id=146\" class=\"more-link\">Leggi tutto<span class=\"screen-reader-text\"> &#8220;Planning 2025\/2026&#8221;<\/span><\/a><\/p>\n","protected":false},"author":1,"featured_media":0,"parent":0,"menu_order":3,"comment_status":"closed","ping_status":"closed","template":"","meta":{"footnotes":""},"_links":{"self":[{"href":"https:\/\/www.tvclubwellness.com\/index.php?rest_route=\/wp\/v2\/pages\/146"}],"collection":[{"href":"https:\/\/www.tvclubwellness.com\/index.php?rest_route=\/wp\/v2\/pages"}],"about":[{"href":"https:\/\/www.tvclubwellness.com\/index.php?rest_route=\/wp\/v2\/types\/page"}],"author":[{"embeddable":true,"href":"https:\/\/www.tvclubwellness.com\/index.php?rest_route=\/wp\/v2\/users\/1"}],"replies":[{"embeddable":true,"href":"https:\/\/www.tvclubwellness.com\/index.php?rest_route=%2Fwp%2Fv2%2Fcomments&post=146"}],"version-history":[{"count":29,"href":"https:\/\/www.tvclubwellness.com\/index.php?rest_route=\/wp\/v2\/pages\/146\/revisions"}],"predecessor-version":[{"id":387,"href":"https:\/\/www.tvclubwellness.com\/index.php?rest_route=\/wp\/v2\/pages\/146\/revisions\/387"}],"wp:attachment":[{"href":"https:\/\/www.tvclubwellness.com\/index.php?rest_route=%2Fwp%2Fv2%2Fmedia&parent=146"}],"curies":[{"name":"wp","href":"https:\/\/api.w.org\/{rel}","templated":true}]}}